{"id":82,"date":"2010-01-28T18:16:44","date_gmt":"2010-01-28T16:16:44","guid":{"rendered":"https:\/\/www.forum-soegel.de\/information\/redaktionsteam\/"},"modified":"2025-02-04T14:33:11","modified_gmt":"2025-02-04T13:33:11","slug":"redaktionsteam","status":"publish","type":"page","link":"https:\/\/www.forum-soegel.de\/information\/redaktionsteam\/","title":{"rendered":"Redaktionsteam"},"content":{"rendered":"\n<div class=\"wp-block-columns is-layout-flex wp-container-core-columns-is-layout-9d6595d7 wp-block-columns-is-layout-flex\">\n<div class=\"wp-block-column is-layout-flow wp-block-column-is-layout-flow\" style=\"flex-basis:100%\">\n<div class=\"wp-block-columns is-layout-flex wp-container-core-columns-is-layout-9d6595d7 wp-block-columns-is-layout-flex\">\n<div class=\"wp-block-column is-layout-flow wp-block-column-is-layout-flow\" style=\"flex-basis:100%\">\n<div class=\"wp-block-group\"><div class=\"wp-block-group__inner-container is-layout-flow wp-block-group-is-layout-flow\">\n<p><strong>Team IfS (Information f\u00fcr S\u00f6gel und Umgebung)<\/strong><\/p>\n<table border=\"0\" cellspacing=\"0\" cellpadding=\"0\">\n<tbody>\n<tr>\n<td valign=\"top\" width=\"163\"><strong>Herausgeber:<\/strong><\/td>\n<td valign=\"top\" width=\"451\">eine Kooperation von Forum S\u00f6gel e.V. und S\u00f6gel Marketing GmbH<\/td>\n<\/tr>\n<tr>\n<td colspan=\"2\" valign=\"top\" width=\"614\">\u00a0<\/td>\n<\/tr>\n<tr>\n<td valign=\"top\" width=\"163\"><strong>Redaktionsleitung:<\/strong><\/td>\n<td valign=\"top\" width=\"451\">Hermann Wichmann (V.i.S.d.P.)<\/td>\n<\/tr>\n<tr>\n<td valign=\"top\" width=\"163\">\u00a0<\/td>\n<td valign=\"top\" width=\"451\">\u00a0<\/td>\n<\/tr>\n<tr>\n<td valign=\"top\" width=\"163\">\u00a0<\/td>\n<td valign=\"top\" width=\"451\">\u00a0<\/td>\n<\/tr>\n<tr>\n<td valign=\"top\" width=\"163\">\u00a0<\/td>\n<td valign=\"top\" width=\"451\">\u00a0<\/td>\n<\/tr>\n<tr>\n<td style=\"text-align: left;\" valign=\"top\" width=\"163\"><strong>Layout sowie Anzeigenannahme:<\/strong><\/td>\n<td valign=\"top\" width=\"451\">Marlies Lammers\n<ul>\n<li>anzeigen@Forum-soegel.de\n<ul>\n<li>05936 381<\/li>\n<\/ul>\n<\/li>\n<\/ul>\n<p>(fertige Anzeigenvorlagen als pdf\/jpg\/tif\/eps)<\/p>\n<\/td>\n<\/tr>\n<tr>\n<td colspan=\"2\" valign=\"top\" width=\"614\">\u00a0<\/td>\n<\/tr>\n<tr>\n<td style=\"text-align: left;\" valign=\"top\" width=\"163\"><strong>Berichte und Termine:<\/strong><\/td>\n<td valign=\"top\" width=\"451\">\u00a0<strong style=\"font-size: revert; font-family: inherit; color: initial;\">B\u00f6rger<\/strong>\n<ul>\n<li>Gemeindeb\u00fcro\n<ul>\n<li>ifs-boerger@forum-soegel.de<\/li>\n<\/ul>\n<\/li>\n<\/ul>\n<p><strong>Gro\u00df Ber\u00dfen<\/strong><\/p>\n<ul>\n<li>Anke Stevens\n<ul>\n<li>ifs-gross-berssen@forum-soegel.de<\/li>\n<\/ul>\n<\/li>\n<li>Doris Kleimann\n<ul>\n<li>ifs-gross-berssen@forum-soegel.de<\/li>\n<\/ul>\n<\/li>\n<\/ul>\n<p><strong>H\u00fcven<\/strong><\/p>\n<ul>\n<li>Gemeindeb\u00fcro\n<ul>\n<li>ifs-hueven@forum-soegel.de<\/li>\n<\/ul>\n<\/li>\n<\/ul>\n<p><strong>Klein Ber\u00dfen<\/strong><\/p>\n<ul>\n<li>Gemeindeb\u00fcro\n<ul>\n<li>ifs-klein-berssen@forum-soegel.de<\/li>\n<\/ul>\n<\/li>\n<\/ul>\n<p><strong>S\u00f6gel<\/strong><\/p>\n<ul>\n<li>Nadine Wollberg\n<ul>\n<li>ifs@forum-soegel.de<\/li>\n<\/ul>\n<\/li>\n<\/ul>\n<p><strong style=\"font-size: revert; font-family: inherit; color: initial;\">Spahnharrenst\u00e4tte<\/strong><\/p>\n<ul>\n<li>Hans-J\u00fcrgen Meyer\n<ul>\n<li>ifs-spahnharrenst\u00e4tte@forum-soegel.de<\/li>\n<\/ul>\n<\/li>\n<\/ul>\n<p><strong>Stavern<\/strong><\/p>\n<ul>\n<li>Gemeindeb\u00fcro\n<ul>\n<li>ifs-stavern@forum-soegel.de<\/li>\n<\/ul>\n<\/li>\n<\/ul>\n<p><strong>Werpeloh<\/strong><\/p>\n<ul>\n<li>Hanna Lohmann\n<ul>\n<li>ifs-werpeloh@forum-soegel.de<\/li>\n<\/ul>\n<\/li>\n<\/ul>\n<\/td>\n<\/tr>\n<tr>\n<td colspan=\"2\" valign=\"top\" width=\"614\">\n<p><strong>Herausgeber und Redaktion haften nicht f\u00fcr den Inhalt der r<\/strong><strong>edaktionellen Beitr\u00e4ge Dritter. Alle Termine ohne Gew\u00e4hr.<\/strong><\/p>\n<\/td>\n<\/tr>\n<tr>\n<td valign=\"top\" width=\"163\">\u00a0<\/td>\n<td valign=\"top\" width=\"451\">\u00a0<\/td>\n<\/tr>\n<tr>\n<td valign=\"top\" width=\"163\">\u00a0<\/td>\n<td valign=\"top\" width=\"451\">\u00a0<\/td>\n<\/tr>\n<tr>\n<td valign=\"top\" width=\"163\">\u00a0<\/td>\n<td valign=\"top\" width=\"451\">\u00a0<\/td>\n<\/tr>\n<tr>\n<td valign=\"top\" width=\"163\">\u00a0<\/td>\n<td valign=\"top\" width=\"451\">\u00a0<\/td>\n<\/tr>\n<tr>\n<td colspan=\"2\" valign=\"top\" width=\"614\">\u00a0<\/td>\n<\/tr>\n<tr>\n<td valign=\"top\" width=\"163\">\u00a0<\/td>\n<td valign=\"top\" width=\"451\">\u00a0<\/td>\n<\/tr>\n<tr>\n<td valign=\"top\" width=\"163\">\u00a0<\/td>\n<td valign=\"top\" width=\"451\">\u00a0<\/td>\n<\/tr>\n<tr>\n<td valign=\"top\" width=\"163\">\u00a0<\/td>\n<td valign=\"top\" width=\"451\">\u00a0<\/td>\n<\/tr>\n<tr>\n<td colspan=\"2\" valign=\"top\" width=\"614\">\u00a0<\/td>\n<\/tr>\n<tr>\n<td colspan=\"2\" valign=\"top\" width=\"614\">\u00a0<\/td>\n<\/tr>\n<tr>\n<td colspan=\"2\" valign=\"top\" width=\"614\">\u00a0<\/td>\n<\/tr>\n<\/tbody>\n<\/table>\n<table border=\"0\" cellspacing=\"0\" cellpadding=\"0\">\n<tbody>\n<tr>\n<td valign=\"top\" width=\"768\">\u00a0<\/td>\n<\/tr>\n<\/tbody>\n<\/table>\n<\/div><\/div>\n<\/div>\n<\/div>\n<\/div>\n<\/div>\n\n\n\n<p><\/p>\n","protected":false},"excerpt":{"rendered":"Team IfS (Information f\u00fcr S\u00f6gel und Umgebung) Herausgeber: eine Kooperation von Forum S\u00f6gel e.V. und S\u00f6gel Marketing GmbH \u00a0 Redaktionsleitung: Hermann Wichmann (V.i.S.d.P.) \u00a0 \u00a0 \u00a0 \u00a0 \u00a0 \u00a0 Layout sowie Anzeigenannahme: Marlies Lammers anzeigen@Forum-soegel.de 05936 381 (fertige Anzeigenvorlagen als pdf\/jpg\/tif\/eps) \u00a0 Berichte und Termine: \u00a0B\u00f6rger Gemeindeb\u00fcro ifs-boerger@forum-soegel.de Gro\u00df Ber\u00dfen Anke Stevens ifs-gross-berssen@forum-soegel.de Doris Kleimann [&hellip;]\n","protected":false},"author":1,"featured_media":0,"parent":0,"menu_order":1,"comment_status":"closed","ping_status":"closed","template":"","meta":{"ngg_post_thumbnail":0,"footnotes":""},"class_list":["post-82","page","type-page","status-publish","hentry"],"_links":{"self":[{"href":"https:\/\/www.forum-soegel.de\/information\/wp-json\/wp\/v2\/pages\/82","targetHints":{"allow":["GET"]}}],"collection":[{"href":"https:\/\/www.forum-soegel.de\/information\/wp-json\/wp\/v2\/pages"}],"about":[{"href":"https:\/\/www.forum-soegel.de\/information\/wp-json\/wp\/v2\/types\/page"}],"author":[{"embeddable":true,"href":"https:\/\/www.forum-soegel.de\/information\/wp-json\/wp\/v2\/users\/1"}],"replies":[{"embeddable":true,"href":"https:\/\/www.forum-soegel.de\/information\/wp-json\/wp\/v2\/comments?post=82"}],"version-history":[{"count":60,"href":"https:\/\/www.forum-soegel.de\/information\/wp-json\/wp\/v2\/pages\/82\/revisions"}],"predecessor-version":[{"id":38476,"href":"https:\/\/www.forum-soegel.de\/information\/wp-json\/wp\/v2\/pages\/82\/revisions\/38476"}],"wp:attachment":[{"href":"https:\/\/www.forum-soegel.de\/information\/wp-json\/wp\/v2\/media?parent=82"}],"curies":[{"name":"wp","href":"https:\/\/api.w.org\/{rel}","templated":true}]}}