{"id":6462,"date":"2011-10-23T19:58:25","date_gmt":"2011-10-23T17:58:25","guid":{"rendered":"https:\/\/www.forum-soegel.de\/information\/?page_id=6462"},"modified":"2025-02-04T14:25:30","modified_gmt":"2025-02-04T13:25:30","slug":"vorlagen","status":"publish","type":"page","link":"https:\/\/www.forum-soegel.de\/information\/vorlagen\/","title":{"rendered":"Vorlagen"},"content":{"rendered":"<h1><span style=\"text-decoration: underline; color: #000000;\">Artikellieferung:<\/span><\/h1>\n<p>F\u00fcr die Artikellieferung verwenden Sie bitte m\u00f6glichst\u00a0einen der nachstehenden Vorlagen, entsprechend der Word-Version die Ihnen zur Verf\u00fcgung steht.<\/p>\n<p>Speichern Sie den Artikel f\u00fcr den sp\u00e4teren Mailversand an das Redaktionsteam, wie bisher zun\u00e4chst auf Ihrem PC ab.<\/p>\n<p>Von dieser Seite erfolgt<strong> kein<\/strong> automatischer Versand Ihres Artikels an das Redaktionsteam !<\/p>\n<p><span style=\"text-decoration: underline;\">Word 2000 bis Word\u00a0<\/span><\/p>\n<ul>\n<li><a href=\"https:\/\/www.forum-soegel.de\/information\/vorlagen\/artikellieferung-ifs-12\/\" rel=\"attachment wp-att-23857\"><strong><span style=\"color: #ff0000;\">Artikellieferung IFS<\/span><\/strong><\/a><\/li>\n<\/ul>\n<p><span style=\"text-decoration: underline;\">Ab Word 2007:<\/span><\/p>\n<ul>\n<li><strong><a href=\"https:\/\/www.forum-soegel.de\/information\/vorlagen\/artikellieferung-ifs-6\/\" rel=\"attachment wp-att-23837\"><span style=\"color: #ff0000;\">Artikellieferung IFS<\/span><\/a><\/strong><\/li>\n<\/ul>\n<h1><\/h1>\n<h1><span style=\"text-decoration: underline; color: #000000;\"><strong>Anzeigenauftrag:<\/strong><\/span><\/h1>\n<ul>\n<li><strong>Informationen zu und Annahme von Anzeigen:<\/strong>\n<ul>\n<li>Marlies Lammers\n<ul>\n<li>Tel: 05956-381<\/li>\n<li>anzeigen@forum-soegel.de<\/li>\n<\/ul>\n<\/li>\n<\/ul>\n<\/li>\n<\/ul>\n<h1><\/h1>\n<h1><span style=\"text-decoration: underline;\"><strong>Einverst\u00e4ndniserkl\u00e4rung:<\/strong><\/span><\/h1>\n<ul>\n<li><strong>Fotos und\/oder Videos:<\/strong>\n<ul>\n<li><span style=\"color: #ff0000;\"><strong><a style=\"color: #ff0000;\" href=\"https:\/\/www.forum-soegel.de\/information\/vorlagen\/einverstaendniserklaerung-fuer-die-anfertigung-und-veroeffentlichung-von-foto\/\" rel=\"attachment wp-att-23860\">Einverst\u00e4ndniserkl\u00e4rung f\u00fcr die Anfertigung und Ver\u00f6ffentlichung von Foto<\/a><\/strong><\/span><\/li>\n<\/ul>\n<\/li>\n<\/ul>\n","protected":false},"excerpt":{"rendered":"Artikellieferung: F\u00fcr die Artikellieferung verwenden Sie bitte m\u00f6glichst\u00a0einen der nachstehenden Vorlagen, entsprechend der Word-Version die Ihnen zur Verf\u00fcgung steht. Speichern Sie den Artikel f\u00fcr den sp\u00e4teren Mailversand an das Redaktionsteam, wie bisher zun\u00e4chst auf Ihrem PC ab. Von dieser Seite erfolgt kein automatischer Versand Ihres Artikels an das Redaktionsteam ! Word 2000 bis Word\u00a0 Artikellieferung [&hellip;]\n","protected":false},"author":2,"featured_media":0,"parent":0,"menu_order":0,"comment_status":"closed","ping_status":"closed","template":"","meta":{"ngg_post_thumbnail":0,"footnotes":""},"class_list":["post-6462","page","type-page","status-publish","hentry"],"_links":{"self":[{"href":"https:\/\/www.forum-soegel.de\/information\/wp-json\/wp\/v2\/pages\/6462","targetHints":{"allow":["GET"]}}],"collection":[{"href":"https:\/\/www.forum-soegel.de\/information\/wp-json\/wp\/v2\/pages"}],"about":[{"href":"https:\/\/www.forum-soegel.de\/information\/wp-json\/wp\/v2\/types\/page"}],"author":[{"embeddable":true,"href":"https:\/\/www.forum-soegel.de\/information\/wp-json\/wp\/v2\/users\/2"}],"replies":[{"embeddable":true,"href":"https:\/\/www.forum-soegel.de\/information\/wp-json\/wp\/v2\/comments?post=6462"}],"version-history":[{"count":51,"href":"https:\/\/www.forum-soegel.de\/information\/wp-json\/wp\/v2\/pages\/6462\/revisions"}],"predecessor-version":[{"id":38475,"href":"https:\/\/www.forum-soegel.de\/information\/wp-json\/wp\/v2\/pages\/6462\/revisions\/38475"}],"wp:attachment":[{"href":"https:\/\/www.forum-soegel.de\/information\/wp-json\/wp\/v2\/media?parent=6462"}],"curies":[{"name":"wp","href":"https:\/\/api.w.org\/{rel}","templated":true}]}}