{"id":46,"date":"2010-04-03T09:10:33","date_gmt":"2010-04-03T07:10:33","guid":{"rendered":"https:\/\/www.forum-soegel.de\/forum\/ein-grus-zum-start"},"modified":"2018-05-24T14:50:08","modified_gmt":"2018-05-24T12:50:08","slug":"ein-grus-zum-start","status":"publish","type":"page","link":"https:\/\/www.forum-soegel.de\/forum\/ein-grus-zum-start","title":{"rendered":"Ein Gru\u00df zum Start"},"content":{"rendered":"<p><a href=\"https:\/\/www.forum-soegel.de\/forum\/wp-content\/uploads\/GuenterWigbers.jpg\"><img loading=\"lazy\" decoding=\"async\" class=\"alignleft size-thumbnail wp-image-65\" title=\"GuenterWigbers\" src=\"https:\/\/www.forum-soegel.de\/forum\/wp-content\/uploads\/GuenterWigbers-150x150.jpg\" alt=\"G\u00fcnter Wigbers - Samtgemeindeb\u00fcrgermeister\" width=\"135\" height=\"135\" \/><\/a>Forum S\u00f6gel \u2013 unter diesem Dach vereinen sich Geschichte und aktuelle Informationen um und aus der Gemeinde und Samtgemeinde S\u00f6gel. Konkret geht es um die Geschichts- und Zukunftswerkstatt mit seinen Ausstellungsr\u00e4umen in S\u00f6gel und dem selbstgesteckten Ziel, die Geschichte der Region insbesondere jungen Menschen altersgerecht zu vermitteln. Und es geht um die Brosch\u00fcre \u201eInformation f\u00fcr S\u00f6gel und Umgebung. \u201eIfS\u201c geh\u00f6rt f\u00fcr viele B\u00fcrgerinnen und B\u00fcrger aus unserer Samtgemeinde mittlerweile zum (selbst)verst\u00e4ndlichen Sprachgebrauch. Ein Monatsheft mit vielen regionalen und lokalen Informationen, seri\u00f6s recherchiert, leserfreundlich aufbereitet und professionell pr\u00e4sentiert. Ich bin sehr froh \u00fcber diese, f\u00fcr unsere Samtgemeinde so f\u00f6rderlichen Einrichtungen.<\/p>\n<p>Jetzt kommt mit dem Internetauftritt eine digitale Visitenkarte hinzu. Eine v\u00f6llig neue Sparte, die zus\u00e4tzliche Arbeit macht, aber auch einen ungeheuren zus\u00e4tzlichen Nutzen und noch mehr Aktualit\u00e4t bringen. Der Entschlossenheit und dem Durchhalteverm\u00f6gen der Beteiligten, dem Forum S\u00f6gel mit dem Internetauftritt einen weiteren Baustein hinzuzuf\u00fcgen, stehe ich mit gro\u00dfem Respekt gegen\u00fcber. Die Nutzung des Internets und die Pr\u00e4senz der IfS und der Geschichtswerkstatt im World Wide Web ist eine logische Konsequenz der bisher professionellen Arbeit aller Beteiligten. Sie\u00a0 haben erkannt: Wer sich entwickeln und langfristig aufstellen will, darf dieses mittlerweile v\u00f6llig selbstverst\u00e4ndliche Kulturgut nicht vernachl\u00e4ssigen.<\/p>\n<p>Die Gemeinden im Verbreitungsgebiet der IfS unterst\u00fctzen die Arbeit der Redaktion so gut es geht. Die Mitarbeiter der IfS haben mit der Realisierung des Internetauftritts erneut unter Beweis gestellt, dass sie diese, wenn auch bescheidene \u00f6ffentliche Unterst\u00fctzung v\u00f6llig zu Recht erhalten. Kommunen, Vereine, Verb\u00e4nde, \u00f6ffentliche und private Institutionen in unserer Samtgemeinde S\u00f6gel haben ein gro\u00dfes Interesse an einer Kommunikation mit dem B\u00fcrger.<\/p>\n<p>Abermals ziehe ich den Hut vor dem Ehrenamt und den dieses Wort zur Bedeutung werden lassenden Beteiligten. In ehrenamtlicher Arbeit entstehen Projekte in der Geschichtswerkstatt, und Monat f\u00fcr Monat erscheint das Heft, das den Verantwortlichen viel Freizeit und viele M\u00fchen kostet.<\/p>\n<p>Ich darf allen Beteiligten, den Projektgruppen, Redaktionsmitgliedern, den freien Mitarbeitern, den Verteilern und den Werbekunden an dieser Stelle sicher auch im Namen der vielen Leserinnen und Lesern meinen ausdr\u00fccklichen Dank aussprechen.<\/p>\n<p>G\u00fcnter Wigbers<\/p>\n<p>Samtgemeindeb\u00fcrgermeister<\/p>\n","protected":false},"excerpt":{"rendered":"Forum S\u00f6gel \u2013 unter diesem Dach vereinen sich Geschichte und aktuelle Informationen um und aus der Gemeinde und Samtgemeinde S\u00f6gel. Konkret geht es um die Geschichts- und Zukunftswerkstatt mit seinen Ausstellungsr\u00e4umen in S\u00f6gel und dem selbstgesteckten Ziel, die Geschichte der Region insbesondere jungen Menschen altersgerecht zu vermitteln. Und es geht um die Brosch\u00fcre \u201eInformation f\u00fcr [&hellip;]\n","protected":false},"author":1,"featured_media":0,"parent":0,"menu_order":0,"comment_status":"open","ping_status":"open","template":"","meta":{"ngg_post_thumbnail":0,"footnotes":""},"class_list":["post-46","page","type-page","status-publish","hentry"],"_links":{"self":[{"href":"https:\/\/www.forum-soegel.de\/forum\/wp-json\/wp\/v2\/pages\/46","targetHints":{"allow":["GET"]}}],"collection":[{"href":"https:\/\/www.forum-soegel.de\/forum\/wp-json\/wp\/v2\/pages"}],"about":[{"href":"https:\/\/www.forum-soegel.de\/forum\/wp-json\/wp\/v2\/types\/page"}],"author":[{"embeddable":true,"href":"https:\/\/www.forum-soegel.de\/forum\/wp-json\/wp\/v2\/users\/1"}],"replies":[{"embeddable":true,"href":"https:\/\/www.forum-soegel.de\/forum\/wp-json\/wp\/v2\/comments?post=46"}],"version-history":[{"count":8,"href":"https:\/\/www.forum-soegel.de\/forum\/wp-json\/wp\/v2\/pages\/46\/revisions"}],"predecessor-version":[{"id":3038,"href":"https:\/\/www.forum-soegel.de\/forum\/wp-json\/wp\/v2\/pages\/46\/revisions\/3038"}],"wp:attachment":[{"href":"https:\/\/www.forum-soegel.de\/forum\/wp-json\/wp\/v2\/media?parent=46"}],"curies":[{"name":"wp","href":"https:\/\/api.w.org\/{rel}","templated":true}]}}