{"id":301,"date":"2010-06-19T19:07:18","date_gmt":"2010-06-19T17:07:18","guid":{"rendered":"https:\/\/www.forum-soegel.de\/forum\/?page_id=301"},"modified":"2015-02-18T09:15:05","modified_gmt":"2015-02-18T08:15:05","slug":"projekte-aktionen","status":"publish","type":"page","link":"https:\/\/www.forum-soegel.de\/forum\/projekte-aktionen","title":{"rendered":"Projekte Aktionen"},"content":{"rendered":"<p style=\"text-align: center;\">\n<p><strong>Geschichtsabschnitt von \u201e1945 bis heute\u201c wird aufgearbeitet<\/strong><\/p>\n<p>Bislang schloss die Aufarbeitung und Pr\u00e4sentation der Geschichte mit Ende des Zweiten Weltkriegs ab. Die Zeit von 1945 bis heute fehlte noch. Nachdem die Bl\u00f6cke von 1797 bis 1866 sowie von 1866 bis 1945 inhaltlich und gestalterisch in der Geschichts- und Zukunftswerkstatt abgeschlossen werden konnten, hei\u00dft das neue Projekt \u201e1945 bis heute\u201c.<\/p>\n<p>Vorbereitend f\u00fcr die Erarbeitung wurde ein offenes Themenger\u00fcst&#8230;.<a href=\"https:\/\/www.forum-soegel.de\/forum\/archives\/2431\"><span style=\"color: #ff00ff;\">[weiterlesen]<\/span><\/a><\/p>\n<p><span style=\"color: #000000;\">.<\/span><\/p>\n<p><strong>8.April 2015 \u2013 70 Jahre danach \u2013 <\/strong><strong>Tag der Erinnerung \u2013 Tag der Begegnung<\/strong><\/p>\n<p>70 Jahre nach dem Tag der Ermordung von niederl\u00e4ndischen Widerstandsk\u00e4mpfern in Norg und dem Tag des alliierten Luftangriffs auf S\u00f6gel<\/p>\n<p>werden sich Sch\u00fclerinnen und Sch\u00fcler beider Orte treffen, um der damaligen Ereignisse zu gedenken. Nicht nur die geschichtlichen Hintergr\u00fcnde<\/p>\n<p>sollen dabei\u00a0 herausgestellt werden, viel mehr kommt es darauf an, aufzuzeigen, wie Erinnerungskultur auf beiden Seiten&#8230;<a href=\"https:\/\/www.forum-soegel.de\/forum\/archives\/2426\"><span style=\"color: #ff00ff;\">weiterlesen<\/span><\/a><\/p>\n<p><strong>Neues Projekt: Dokumentation \u201e33 Jahre Garnison-Standort S\u00f6gel\u201c<\/strong><\/p>\n<p><strong> <\/strong><\/p>\n<p>Wie Sie\u00a0 bereits von abgeschlossenen Projekten wissen, hat sich das FORUM S\u00f6gel e.V. zur Aufgabe gemacht, die Geschichte des Ortes und der Region\u00a0 so aufzuarbeiten, dass die Ergebnisse der Bev\u00f6lkerung auf unterschiedliche Weise zug\u00e4nglich gemacht werden k\u00f6nnen. &#8230;.<em> <a href=\"https:\/\/www.forum-soegel.de\/forum\/archives\/1374\"><span style=\"color: #800080;\">weiterlesen<\/span><\/a><\/em><\/p>\n<p><em><span style=\"color: #800080;\"> <\/span><\/em><\/p>\n<p><strong>S\u00f6gel und die Region im II. Weltkrieg<\/strong><\/p>\n<p>Als derzeitiges Schwerpunktthema hat\u00a0 sich das FORUM S\u00f6gel mit seiner Geschichtswerkstatt\u00a0 die Aufarbeitung\u00a0 des Geschichtsabschnitts von 1866 bis 1945 zur Aufgabe gemacht. Hierbei besitzt die Zeit des Nationalsozialismus einen exponierten Stellenwert. Um die Kriegsjahre n\u00e4her\u00a0 zu beleuchten, wurden gleich mehrere Wege der Herangehensweise gew\u00e4hlt&#8230;.. <span style=\"color: #800080;\"><a href=\"https:\/\/www.forum-soegel.de\/forum\/archives\/1368\"><span style=\"color: #800080;\"><em>weiterlesen<\/em><\/span><\/a><\/span><\/p>\n<p><span style=\"color: #800080;\"><span style=\"color: #800080;\"><em> <\/em><\/span><\/span><\/p>\n<p><strong>Integration nach 1945 (in Niedersachsen)<\/strong><\/p>\n<p><strong>Zuwanderung und Integration nach 1945 (in Niedersachsen) \u2013 eine pers\u00f6nliche Sichtweise <\/strong><strong>von Heribert Tolkmitt<\/strong><\/p>\n<p>Das Land Niedersachsen wurde in der Vergangenheit und wird auch in der Gegenwart hinsichtlich der Bev\u00f6lkerung, Wirtschaft, Gesellschaft und Kultur durch Zuwanderung und Integration gepr\u00e4gt&#8230;. <a href=\"https:\/\/www.forum-soegel.de\/forum\/archives\/1364\"><em><span style=\"color: #800080;\">weiterlesen<\/span><\/em><\/a><\/p>\n<p><em><span style=\"color: #800080;\"> <\/span><\/em><\/p>\n<p><strong>Europ\u00e4ische Geschichte im lokalen Niederschlag: Migration im 20. Jahrhundert am Beispiel der Gemeinde S\u00f6gel<\/strong><\/p>\n<p>Ankunft der Fl\u00fcchtlinge nach 1945<\/p>\n<p style=\"text-align: center;\"><strong> <\/strong><\/p>\n<p style=\"text-align: center;\"><strong> <\/strong><\/p>\n<p style=\"text-align: justify;\">Seit Ende des verheerenden Zweiten Weltkrieges sind 65 Jahre vergangen.\u00a0 Die Wiedervereinigung der beiden deutschen Staaten, die als Folge des von Deutschland ausgel\u00f6sten\u00a0 Weltenbrandes 1949 entstanden waren, ist auch schon 20 Jahre Geschichte. &#8230;.<span style=\"color: #800080;\"> <a href=\"https:\/\/www.forum-soegel.de\/forum\/archives\/1357\"><em><span style=\"color: #800080;\">weiterlesen<\/span><\/em><\/a><\/span><\/p>\n<p>strong<\/p>\n","protected":false},"excerpt":{"rendered":"Geschichtsabschnitt von \u201e1945 bis heute\u201c wird aufgearbeitet Bislang schloss die Aufarbeitung und Pr\u00e4sentation der Geschichte mit Ende des Zweiten Weltkriegs ab. Die Zeit von 1945 bis heute fehlte noch. Nachdem die Bl\u00f6cke von 1797 bis 1866 sowie von 1866 bis 1945 inhaltlich und gestalterisch in der Geschichts- und Zukunftswerkstatt abgeschlossen werden konnten, hei\u00dft das neue [&hellip;]\n","protected":false},"author":2,"featured_media":0,"parent":0,"menu_order":0,"comment_status":"open","ping_status":"open","template":"","meta":{"ngg_post_thumbnail":0,"footnotes":""},"class_list":["post-301","page","type-page","status-publish","hentry"],"_links":{"self":[{"href":"https:\/\/www.forum-soegel.de\/forum\/wp-json\/wp\/v2\/pages\/301","targetHints":{"allow":["GET"]}}],"collection":[{"href":"https:\/\/www.forum-soegel.de\/forum\/wp-json\/wp\/v2\/pages"}],"about":[{"href":"https:\/\/www.forum-soegel.de\/forum\/wp-json\/wp\/v2\/types\/page"}],"author":[{"embeddable":true,"href":"https:\/\/www.forum-soegel.de\/forum\/wp-json\/wp\/v2\/users\/2"}],"replies":[{"embeddable":true,"href":"https:\/\/www.forum-soegel.de\/forum\/wp-json\/wp\/v2\/comments?post=301"}],"version-history":[{"count":97,"href":"https:\/\/www.forum-soegel.de\/forum\/wp-json\/wp\/v2\/pages\/301\/revisions"}],"predecessor-version":[{"id":2441,"href":"https:\/\/www.forum-soegel.de\/forum\/wp-json\/wp\/v2\/pages\/301\/revisions\/2441"}],"wp:attachment":[{"href":"https:\/\/www.forum-soegel.de\/forum\/wp-json\/wp\/v2\/media?parent=301"}],"curies":[{"name":"wp","href":"https:\/\/api.w.org\/{rel}","templated":true}]}}